{"id":37,"date":"2022-08-22T11:17:40","date_gmt":"2022-08-22T09:17:40","guid":{"rendered":"http:\/\/www.architecture-mutations.fr\/?page_id=37"},"modified":"2022-10-03T11:54:04","modified_gmt":"2022-10-03T09:54:04","slug":"rim-2-humains-non-humains","status":"publish","type":"page","link":"http:\/\/www.architecture-mutations.fr\/index.php\/rencontres-interdisciplinaires\/rim-2-humains-non-humains\/","title":{"rendered":"RIM 2 : humains \/ non-humains"},"content":{"rendered":"\n<p>Les RIM 1 ont ouvert la r\u00e9flexion sur la difficult\u00e9 \u00e0 appr\u00e9hender des modes de relation avec l\u2019environnement moins centr\u00e9s sur les int\u00e9r\u00eats des humains, au travers notamment d\u2019une question pos\u00e9e \u00e0 l\u2019\u00e9conomiste Ali Douai : \u00ab est-il possible de penser le bien commun d\u2019une mani\u00e8re qui soit moins anthropocentr\u00e9e \u00bb? La deuxi\u00e8me \u00e9dition des RIM, qui s&#8217;est tenue les 18 et 19 novembre 2019, s\u2019est alors donn\u00e9e comme objectif de se saisir de cet enjeu en questionnant, via l\u2019architecture, la nature et les formes des relations \u2013 politiques, scientifiques, \u00e9conomiques, techniques, sociales, psychologiques\u2026 \u2013 que nous construisons avec la faune, la flore, mais aussi les artefacts, les objets techniques&#8230; tout ce qui constitue, en somme, les \u00e9cosyst\u00e8mes&nbsp; complexes auxquels nous appartenons, \u00e9cosyst\u00e8mes que nous avons particip\u00e9 \u00e0 construire et dont nous avons d\u00e9sormais la responsabilit\u00e9. Trouver des mots ad\u00e9quats pour d\u00e9finir ce questionnement ne fut pas simple, mais parler de relations humains \/ non-humains, en d\u00e9pit des probl\u00e8mes que soul\u00e8ve cette distinction, a permis provisoirement de d\u00e9finir un cap pour interroger l\u2019une des dualit\u00e9s constitutives de la pens\u00e9e occidentale, son impact sur la crise environnementale que nous vivons, et ses effets sur la fabrication de l\u2019architecture et des territoires. Nous avons ainsi invit\u00e9 Philippe Grandcolas, \u00e9cologue et syst\u00e9maticien de formation, afin de nous \u00e9clairer sur la crise de la biodiversit\u00e9 ; Thomas Le Roux, chercheur au CNRS sur l\u2019histoire des pollutions et des risques industriels notamment, dans le but d\u2019interroger les trajectoires techniques et la construction de leur acceptabilit\u00e9 sociale ; Pierre Janin de l\u2019agence Fabriques, qui r\u00e9alise des projets et \u00e9tudes paysag\u00e8res li\u00e9es aux dynamiques et mutations des paysages et des constructions agricoles et d\u2019\u00e9levage ; Catherine Deschamps, socio-anthropologue qui questionne entre autres le genre et la sexualit\u00e9 dans les espaces publics afin d\u2019interroger les r\u00e9cits qui structurent les relations que nous entretenons avec l\u2019alt\u00e9rit\u00e9 \u00e0 l\u2019humain ; et Mathias Rollot, architecte et chercheur dont les travaux appartiennent au champ des humanit\u00e9s environnementales, pour r\u00e9fl\u00e9chir aux conditions de possibilit\u00e9 de l\u2019architecture \u00e0 l\u2019\u00e8re anthropoc\u00e8ne. Leurs regards ont permis d\u2019\u00e9clairer les travaux de master 2 de l\u2019atelier \u00ab Mutations \u00bb : il s\u2019agissait pour les \u00e9tudiants, sur le temps d\u2019un semestre, de penser la transformation \u00e0 l\u2019horizon 2050 de quelques \u00eelots nanc\u00e9iens situ\u00e9s \u00e0 proximit\u00e9 du parc Sainte-Marie. Ceux-ci sont caract\u00e9ristiques des tissus urbains relativement denses produits dans la deuxi\u00e8me partie du XIX\u00e8 si\u00e8cle et dans la premi\u00e8re partie du XX\u00e8 si\u00e8cle, associant des immeubles de rapport et des maisons individuelles avec quelques commerces et services de proximit\u00e9.<\/p>\n\n\n\n<p><strong><a rel=\"noreferrer noopener\" href=\"http:\/\/www.architecture-mutations.fr\/index.php\/rencontres-interdisciplinaires\/rim-2-humains-non-humains\/participants\/\" target=\"_blank\">Participants<\/a><\/strong><\/p>\n\n\n\n<p><strong><a rel=\"noreferrer noopener\" href=\"http:\/\/www.architecture-mutations.fr\/index.php\/rencontres-interdisciplinaires\/rim-2-humains-non-humains\/homme-animal-constructions-agricoles-pierre-janin\/\" target=\"_blank\"><strong>Homme &#8211; Animal \/ Constructions agricoles \/\/ Pierre Janin<\/strong><\/a><\/strong><\/p>\n\n\n\n<p><strong><strong><a rel=\"noreferrer noopener\" href=\"http:\/\/www.architecture-mutations.fr\/index.php\/rencontres-interdisciplinaires\/rim-2-humains-non-humains\/la-biodiversite-entre-notre-perception-et-la-realite-philippe-grandcolas\/\" target=\"_blank\">La Biodiversit\u00e9, entre notre perception et la r\u00e9alit\u00e9 \/\/ Philippe Grandcolas<\/a><\/strong><\/strong><\/p>\n\n\n\n<p><strong><a rel=\"noreferrer noopener\" href=\"http:\/\/www.architecture-mutations.fr\/index.php\/rencontres-interdisciplinaires\/rim-2-humains-non-humains\/industrialisation-histoire-environnementale-et-materialite-thomas-le-roux\/\" target=\"_blank\"><strong>Industrialisation, histoire environnementale et mat\u00e9rialit\u00e9 \/\/ Thomas Le Roux<\/strong><\/a><\/strong><\/p>\n\n\n\n<p><strong><a rel=\"noreferrer noopener\" href=\"http:\/\/www.architecture-mutations.fr\/index.php\/rencontres-interdisciplinaires\/rim-2-humains-non-humains\/urgence-ecologique-quel-imperatif-ethique-pour-la-recherche-architecturale-mathias-rollot\/\" target=\"_blank\"><strong>Urgence \u00e9cologique&nbsp;: quel imp\u00e9ratif \u00e9thique pour la recherche architecturale&nbsp;?\/\/&nbsp;Mathias&nbsp;Rollot<\/strong><\/a><\/strong><\/p>\n\n\n\n<p><strong><a href=\"http:\/\/www.architecture-mutations.fr\/index.php\/rencontres-interdisciplinaires\/rim-2-humains-non-humains\/table-ronde\/\" target=\"_blank\" rel=\"noreferrer noopener\">Table ronde<\/a><\/strong><\/p>\n\n\n\n<p><strong><a rel=\"noreferrer noopener\" href=\"http:\/\/www.architecture-mutations.fr\/index.php\/larchitecture-est-elle-un-non-humain-catherine-deschamps\/\" target=\"_blank\"><strong>L\u2019architecture est-elle un \u00ab&nbsp;Non-humain&nbsp;\u00bb&nbsp;? \/\/ Catherine Deschamps<\/strong><\/a><\/strong><\/p>\n\n\n\n<p>Vous pouvez consulter ou t\u00e9l\u00e9charger l\u2019int\u00e9gralit\u00e9 de la publication consacr\u00e9e au Rencontres interdisciplinaires Mutations 2 ci-dessous.<\/p>\n\n\n\n<div data-wp-interactive=\"core\/file\" class=\"wp-block-file\"><object data-wp-bind--hidden=\"!state.hasPdfPreview\" hidden class=\"wp-block-file__embed\" data=\"http:\/\/www.architecture-mutations.fr\/wp-content\/uploads\/2022\/10\/MUTATIONS-Publication-2021.pdf\" type=\"application\/pdf\" style=\"width:100%;height:600px\" aria-label=\"Embed of Contenu embarqu\u00e9 MUTATIONS-Publication-2021..\"><\/object><a id=\"wp-block-file--media-65dfe023-3c79-4be3-ab68-8334d83ac08a\" href=\"http:\/\/www.architecture-mutations.fr\/wp-content\/uploads\/2022\/10\/MUTATIONS-Publication-2021.pdf\">MUTATIONS-Publication-2021<\/a><a href=\"http:\/\/www.architecture-mutations.fr\/wp-content\/uploads\/2022\/10\/MUTATIONS-Publication-2021.pdf\" class=\"wp-block-file__button\" download aria-describedby=\"wp-block-file--media-65dfe023-3c79-4be3-ab68-8334d83ac08a\">t\u00e9l\u00e9charger<\/a><\/div>\n","protected":false},"excerpt":{"rendered":"<p>Les RIM 1 ont ouvert la r\u00e9flexion sur la difficult\u00e9 \u00e0 appr\u00e9hender des modes de relation avec l\u2019environnement moins centr\u00e9s sur les int\u00e9r\u00eats des humains, au travers notamment d\u2019une question pos\u00e9e \u00e0 l\u2019\u00e9conomiste Ali Douai : \u00ab est-il possible de penser le bien commun d\u2019une mani\u00e8re qui soit moins anthropocentr\u00e9e \u00bb? La deuxi\u00e8me \u00e9dition des &hellip;<\/p>\n<p class=\"read-more\"> <a class=\"\" href=\"http:\/\/www.architecture-mutations.fr\/index.php\/rencontres-interdisciplinaires\/rim-2-humains-non-humains\/\"> <span class=\"screen-reader-text\">RIM 2 : humains \/ non-humains<\/span> Read More &raquo;<\/a><\/p>\n","protected":false},"author":1,"featured_media":0,"parent":16,"menu_order":1,"comment_status":"closed","ping_status":"closed","template":"","meta":{"site-sidebar-layout":"default","site-content-layout":"default","ast-global-header-display":"","ast-main-header-display":"","ast-hfb-above-header-display":"","ast-hfb-below-header-display":"","ast-hfb-mobile-header-display":"","site-post-title":"","ast-breadcrumbs-content":"","ast-featured-img":"","footer-sml-layout":"","theme-transparent-header-meta":"","adv-header-id-meta":"","stick-header-meta":"","header-above-stick-meta":"","header-main-stick-meta":"","header-below-stick-meta":"","footnotes":""},"class_list":["post-37","page","type-page","status-publish","hentry"],"_links":{"self":[{"href":"http:\/\/www.architecture-mutations.fr\/index.php\/wp-json\/wp\/v2\/pages\/37","targetHints":{"allow":["GET"]}}],"collection":[{"href":"http:\/\/www.architecture-mutations.fr\/index.php\/wp-json\/wp\/v2\/pages"}],"about":[{"href":"http:\/\/www.architecture-mutations.fr\/index.php\/wp-json\/wp\/v2\/types\/page"}],"author":[{"embeddable":true,"href":"http:\/\/www.architecture-mutations.fr\/index.php\/wp-json\/wp\/v2\/users\/1"}],"replies":[{"embeddable":true,"href":"http:\/\/www.architecture-mutations.fr\/index.php\/wp-json\/wp\/v2\/comments?post=37"}],"version-history":[{"count":14,"href":"http:\/\/www.architecture-mutations.fr\/index.php\/wp-json\/wp\/v2\/pages\/37\/revisions"}],"predecessor-version":[{"id":237,"href":"http:\/\/www.architecture-mutations.fr\/index.php\/wp-json\/wp\/v2\/pages\/37\/revisions\/237"}],"up":[{"embeddable":true,"href":"http:\/\/www.architecture-mutations.fr\/index.php\/wp-json\/wp\/v2\/pages\/16"}],"wp:attachment":[{"href":"http:\/\/www.architecture-mutations.fr\/index.php\/wp-json\/wp\/v2\/media?parent=37"}],"curies":[{"name":"wp","href":"https:\/\/api.w.org\/{rel}","templated":true}]}}