{"id":243,"date":"2026-02-26T10:38:34","date_gmt":"2026-02-26T09:38:34","guid":{"rendered":"http:\/\/www.architecture-mutations.fr\/?page_id=243"},"modified":"2026-02-27T08:51:55","modified_gmt":"2026-02-27T07:51:55","slug":"rim-3-vulnerable-habite","status":"publish","type":"page","link":"http:\/\/www.architecture-mutations.fr\/index.php\/rencontres-interdisciplinaires\/rim-3-vulnerable-habite\/","title":{"rendered":"RIM 3 : Vuln\u00e9rable habit\u00e9."},"content":{"rendered":"\n<p>Les Rencontres Interdisciplinaires Mutations 3 ont eu lieu les 7 et 8 avril 2025, sous le titre&nbsp;: <em>Vuln\u00e9rable habit\u00e9&nbsp;: Penser ensemble les incertitudes \u00e9cosyst\u00e9miques, les vuln\u00e9rabilit\u00e9s sociales, les pr\u00e9carit\u00e9s \u00e9conomiques et les instabilit\u00e9s politiques dans les pratiques architecturales<\/em>.&nbsp;Elles prennent acte de l\u2019\u00ab&nbsp;entr\u00e9e de notre monde dans un r\u00e9gime catastrophique ordinaire, au sens o\u00f9 la catastrophe tendrait \u00e0 devenir une sorte de normalit\u00e9, et m\u00eame un horizon de notre contemporan\u00e9it\u00e9<a href=\"#_ftn1\" id=\"_ftnref1\">[1]<\/a>&nbsp;\u00bb. Il s\u2019est agi d\u2019interroger avec les invit\u00e9\u00b7es les n\u00e9cessaires mutations des pratiques de l\u2019architecture \u00e0 l\u2019aune de la multiplication des catastrophes et dans des situations \u00e9cologiques, \u00e9conomiques, sociales et politiques fragilis\u00e9es.<\/p>\n\n\n\n<p>Ont \u00e9t\u00e9 invit\u00e9\u00b7es B\u00e9atrice Gisclard, designer et docteure en G\u00e9ographie&nbsp;; Corine Mermillod, architecte co-fondatrice de Archidoers, atelier d&#8217;architecture sp\u00e9cialis\u00e9 en accompagnement de projets \u00e0 impact et cr\u00e9ations \u00e0 vocation r\u00e9g\u00e9n\u00e9rative pour leur territoire&nbsp;; Alexandre Monnin, philosophe et co-initiateur du courant de la redirection \u00e9cologique. Ces invit\u00e9\u00b7es ont permis d\u2019interroger les vuln\u00e9rabilit\u00e9s des syst\u00e8mes sociotechniques et \u00e9cologiques dont nous h\u00e9ritons et les mani\u00e8res dont les collectifs peuvent les transformer et se les r\u00e9approprier en vue d\u2019instaurer des conditions de vie plus justes, non seulement pour les \u00eatres humains, mais aussi plus largement pour les communaut\u00e9s du vivant. Il s\u2019est agi d\u2019investiguer les r\u00f4les que peuvent tenir les architectes, et plus largement les praticien\u00b7nes de la conception et du design social, dans ces nouvelles conditions d\u2019exercice de leurs responsabilit\u00e9s. Nous avons interrog\u00e9 les enjeux, les outils et les modalit\u00e9s possibles de leur intervention dans la pr\u00e9paration des territoires et des communaut\u00e9s face aux risques qui les menacent, dans la gestion des crises aupr\u00e8s des habitants et habitantes humains et non-humains des territoires concern\u00e9s, et sur le terrain dans des situations post-catastrophes.<\/p>\n\n\n\n<hr class=\"wp-block-separator has-alpha-channel-opacity\"\/>\n\n\n\n<p><a href=\"#_ftnref1\" id=\"_ftn1\">[1]<\/a> LUSSAULT, Michel, MIRZA, Vincent. \u00ab&nbsp;Il n\u2019y a plus d\u2019apr\u00e8s&nbsp;: habiter le pr\u00e9sent autrement&nbsp;\u00bb. GRAS, Pierre, LUSSAULT, Michel, MIRZA, Vincent. <em>Imaginer l\u2019apr\u00e8s<\/em>. \u00c9ditions 205, 2023, p.&nbsp;8.<\/p>\n\n\n\n<p><\/p>\n\n\n\n<p><a href=\"http:\/\/www.architecture-mutations.fr\/index.php\/rencontres-interdisciplinaires\/rim-3-vulnerable-habite\/participants\/\">Participant.es<\/a><\/p>\n\n\n\n<p><a href=\"http:\/\/www.architecture-mutations.fr\/index.php\/rencontres-interdisciplinaires\/rim-3-vulnerable-habite\/vous-avez-dit-regenerer-un-projet-durgence-en-afghanistan-compte-rendu-de-la-conference-de-corine-mermillod\/\">Vous avez dit r\u00e9g\u00e9n\u00e9rer ? Un projet d&#8217;urgence en Afghanistan \/\/ Compte-rendu de la conf\u00e9rence de Corine Mermillod<\/a><\/p>\n\n\n\n<p><a href=\"http:\/\/www.architecture-mutations.fr\/index.php\/risques-majeurs-et-design-social-quels-apports-fertiles-compte-rendu-de-lintervention-de-beatrice-gisclard\/\">Risques majeurs et design social, quels apports fertiles ? \/\/ Compte-rendu de l\u2019intervention de B\u00e9atrice Gisclard<\/a><\/p>\n\n\n\n<p><a href=\"http:\/\/www.architecture-mutations.fr\/index.php\/rencontres-interdisciplinaires\/rim-3-vulnerable-habite\/risques-crises-et-catastrophes-vers-une-redirection-ecologique-compte-rendu-de-lintervention-dalexandre-monnin\/\">Risques, Crises et Catastrophes : Vers une redirection \u00e9cologique \/\/ Compte-rendu de l\u2019intervention d\u2019Alexandre Monnin<\/a><\/p>\n\n\n\n<p><a href=\"http:\/\/www.architecture-mutations.fr\/index.php\/rencontres-interdisciplinaires\/rim-3-vulnerable-habite\/faire-projet-synthese-des-echanges-avec-les-etudiants-de-latelier-de-projet-de-fin-detudes-mutations\/\">Faire projet \/\/ Synth\u00e8se des \u00e9changes avec les \u00e9tudiant\u00b7e\u00b7s de l\u2019atelier de projet de fin d\u2019\u00e9tude Mutations<\/a><\/p>\n\n\n\n<p><a href=\"http:\/\/www.architecture-mutations.fr\/index.php\/rencontres-interdisciplinaires\/rim-3-vulnerable-habite\/penser-la-recherche-au-temps-des-catastrophes-synthese-des-echanges\/\">Penser la recherche au temps des catastrophes \/\/ Synth\u00e8se des \u00e9changes <\/a><\/p>\n\n\n\n<p><\/p>\n","protected":false},"excerpt":{"rendered":"<p>Les Rencontres Interdisciplinaires Mutations 3 ont eu lieu les 7 et 8 avril 2025, sous le titre&nbsp;: Vuln\u00e9rable habit\u00e9&nbsp;: Penser ensemble les incertitudes \u00e9cosyst\u00e9miques, les vuln\u00e9rabilit\u00e9s sociales, les pr\u00e9carit\u00e9s \u00e9conomiques et les instabilit\u00e9s politiques dans les pratiques architecturales.&nbsp;Elles prennent acte de l\u2019\u00ab&nbsp;entr\u00e9e de notre monde dans un r\u00e9gime catastrophique ordinaire, au sens o\u00f9 la catastrophe &hellip;<\/p>\n<p class=\"read-more\"> <a class=\"\" href=\"http:\/\/www.architecture-mutations.fr\/index.php\/rencontres-interdisciplinaires\/rim-3-vulnerable-habite\/\"> <span class=\"screen-reader-text\">RIM 3 : Vuln\u00e9rable habit\u00e9.<\/span> Read More &raquo;<\/a><\/p>\n","protected":false},"author":1,"featured_media":0,"parent":16,"menu_order":3,"comment_status":"closed","ping_status":"closed","template":"","meta":{"site-sidebar-layout":"default","site-content-layout":"default","ast-global-header-display":"","ast-main-header-display":"","ast-hfb-above-header-display":"","ast-hfb-below-header-display":"","ast-hfb-mobile-header-display":"","site-post-title":"","ast-breadcrumbs-content":"","ast-featured-img":"","footer-sml-layout":"","theme-transparent-header-meta":"","adv-header-id-meta":"","stick-header-meta":"","header-above-stick-meta":"","header-main-stick-meta":"","header-below-stick-meta":"","footnotes":""},"class_list":["post-243","page","type-page","status-publish","hentry"],"_links":{"self":[{"href":"http:\/\/www.architecture-mutations.fr\/index.php\/wp-json\/wp\/v2\/pages\/243","targetHints":{"allow":["GET"]}}],"collection":[{"href":"http:\/\/www.architecture-mutations.fr\/index.php\/wp-json\/wp\/v2\/pages"}],"about":[{"href":"http:\/\/www.architecture-mutations.fr\/index.php\/wp-json\/wp\/v2\/types\/page"}],"author":[{"embeddable":true,"href":"http:\/\/www.architecture-mutations.fr\/index.php\/wp-json\/wp\/v2\/users\/1"}],"replies":[{"embeddable":true,"href":"http:\/\/www.architecture-mutations.fr\/index.php\/wp-json\/wp\/v2\/comments?post=243"}],"version-history":[{"count":21,"href":"http:\/\/www.architecture-mutations.fr\/index.php\/wp-json\/wp\/v2\/pages\/243\/revisions"}],"predecessor-version":[{"id":297,"href":"http:\/\/www.architecture-mutations.fr\/index.php\/wp-json\/wp\/v2\/pages\/243\/revisions\/297"}],"up":[{"embeddable":true,"href":"http:\/\/www.architecture-mutations.fr\/index.php\/wp-json\/wp\/v2\/pages\/16"}],"wp:attachment":[{"href":"http:\/\/www.architecture-mutations.fr\/index.php\/wp-json\/wp\/v2\/media?parent=243"}],"curies":[{"name":"wp","href":"https:\/\/api.w.org\/{rel}","templated":true}]}}