{"id":19,"date":"2022-08-22T10:51:19","date_gmt":"2022-08-22T08:51:19","guid":{"rendered":"http:\/\/www.architecture-mutations.fr\/?page_id=19"},"modified":"2022-08-23T11:11:31","modified_gmt":"2022-08-23T09:11:31","slug":"decoloniser","status":"publish","type":"page","link":"http:\/\/www.architecture-mutations.fr\/index.php\/decoloniser\/","title":{"rendered":"D\u00e9coloniser"},"content":{"rendered":"\n<p>Le cours \u00ab&nbsp;D\u00e9coloniser nos vies et nos imaginaires&nbsp;\u00bb, ouvert en master 1 \u00e0 l\u2019ENSA de Nancy en 2020-2021 et 2021-2022, cherche \u00e0 ouvrir un espace de rencontres avec des acteurs et des penseurs des mondes contemporains.<\/p>\n\n\n\n<p>Consid\u00e9rant que les architectes sont : 1. des intellectuel\u00b7les des \u00e9tablissements humains, 2. des citoyen\u00b7nes pris dans un monde en grande transformation, 3. des professionnel\u00b7les avec une tr\u00e8s lourde responsabilit\u00e9 sociale et environnementales, &#8230; cet enseignement ouvre la possibilit\u00e9 de creuser des questions cruciales par-del\u00e0 tout fantasme de pouvoir ou devoir les rendre imm\u00e9diatement \u00ab&nbsp;applicables&nbsp;\u00bb ou \u00ab&nbsp;op\u00e9rationnelles&nbsp;\u00bb dans la pratique architecturale.<\/p>\n\n\n\n<p>Dans une perspective \u00e9cologique et critique \u00e0 la fois, l\u2019enseignement souhaite ouvrir un espace de d\u00e9bat collectif autour de la question des \u00ab&nbsp;Savoirs&nbsp;\u00bb au XXIe si\u00e8cle, ses modalit\u00e9s de cr\u00e9ation et de transmission et les potentielles logiques de domination \u00e0 l\u2019\u0153uvre en tout cela. Qui est encore porteur de quel savoir, et comment ces savoirs se transmettent-ils, se d\u00e9ploient-ils dans le r\u00e9el ? L\u2019enjeu de l&#8217;enseignement est d\u2019apprendre ensemble d\u2019autre fa\u00e7on d\u2019envisager nos disciplines et expertises dans un monde dont les valeurs morales sont en pleine transformation.<\/p>\n\n\n\n<p>Il y sera question d&#8217;\u00e9cologie avant tout comme d&#8217;une n\u00e9cessaire \u00ab&nbsp;transition des esprits&nbsp;\u00bb &#8211; c&#8217;est-\u00e0-dire d&#8217;\u00e9cologie comme d&#8217;une fa\u00e7on efficace de parler d\u2019\u00e9cologie sociale, de d\u00e9colonisation, d\u2019antipatriarcat, de reterrestrialisation. Le d\u00e9bat y porte sur les raisons de consid\u00e9rer l&#8217;ensemble des syst\u00e8mes de domination (racistes, sexistes, sp\u00e9cistes) comme des m\u00e9canismes non seulement similaires mais imbriqu\u00e9s. En clair, il s&#8217;agit de sensibiliser \u00e0 l\u2019importance de penser &#8216;l\u2019\u00e9cologie sans le&nbsp;d\u00e9veloppement durable&#8217;.<\/p>\n\n\n\n<p>Pour porter et d\u00e9velopper ces objectifs, cet enseignement port\u00e9 par Mathias Rollot et \u00c9meline Curien se structure sur un format comparable \u00e0 un cycle de conf\u00e9rences. Celui-ci offre des interventions vari\u00e9es et compl\u00e9mentaires, \u00e9clairant toutes \u00e0 leur mani\u00e8re la th\u00e9matique g\u00e9n\u00e9rale du s\u00e9minaire. Des synth\u00e8ses de ces conf\u00e9rences sont disponibles ici.<\/p>\n\n\n\n<p><strong><a rel=\"noreferrer noopener\" href=\"http:\/\/www.architecture-mutations.fr\/index.php\/decoloniser\/vers-une-communaute-du-vivant-une-lecture-de-baptiste-morizot-cecile-fries-paiola\/\" target=\"_blank\"><strong>Vers une communaut\u00e9 du vivant&nbsp;? Une lecture de Baptiste Morizot \/\/ C\u00e9cile Fries-Paiola<\/strong><\/a><\/strong><\/p>\n\n\n\n<p><a href=\"http:\/\/www.architecture-mutations.fr\/index.php\/decoloniser\/ecologies-decoloniales-pistes-pour-faire-monde-dans-la-tempete-moderne-julie-beaute\/\" target=\"_blank\" rel=\"noreferrer noopener\"><strong>\u00c9cologies d\u00e9coloniales&nbsp;: pistes pour faire monde dans la temp\u00eate moderne \/\/Julie<\/strong> <strong>Beaut\u00e9<\/strong><\/a><\/p>\n\n\n\n<p><strong><a rel=\"noreferrer noopener\" href=\"http:\/\/www.architecture-mutations.fr\/index.php\/decoloniser\/tentatives-decoute-daccompagnement-et-douverture-antoine-begel\/\" target=\"_blank\"><strong>Tentatives d\u2019\u00e9coute, d\u2019accompagnement et d\u2019ouverture \/\/ Antoine B\u00e9gel<\/strong><\/a><\/strong><\/p>\n\n\n\n<p><strong><strong><a href=\"http:\/\/www.architecture-mutations.fr\/index.php\/decoloniser\/la-plasticite-ideologique-de-largument-patrimonial-berenice-gaussuin\/\" data-type=\"URL\" data-id=\"http:\/\/www.architecture-mutations.fr\/index.php\/decoloniser\/la-plasticite-ideologique-de-largument-patrimonial-berenice-gaussuin\/\" target=\"_blank\" rel=\"noreferrer noopener\">La plasticit\u00e9 id\u00e9ologique de l\u2019argument patrimonial \/\/ B\u00e9r\u00e9nice Gaussuin<\/a><\/strong><\/strong><\/p>\n\n\n\n<p><strong><a rel=\"noreferrer noopener\" href=\"http:\/\/www.architecture-mutations.fr\/index.php\/decoloniser\/decoloniser-nos-imaginaires-entre-recit-risques-et-ressources-geoffrey-clamour\/\" target=\"_blank\"><strong>D\u00e9coloniser nos imaginaires&nbsp;: Entre r\u00e9cit, risques et ressources \/\/ Geoffrey Clamour<\/strong><\/a><\/strong><\/p>\n\n\n\n<p><strong><a rel=\"noreferrer noopener\" href=\"http:\/\/www.architecture-mutations.fr\/index.php\/que-batir-a-partir-des-savoirs-ecologiques-autochtones-ou-de-la-pertinence-du-bricolage-en-des-temps-bouleverses-marin-schaffner\/\" target=\"_blank\"><strong>Que b\u00e2tir \u00e0 partir des savoirs \u00e9cologiques autochtones\u00a0? Ou de la pertinence du bricolage en des temps boulevers\u00e9s \/\/ Marin Schaffner<\/strong><\/a><\/strong><\/p>\n\n\n\n<p><strong><a href=\"http:\/\/www.architecture-mutations.fr\/index.php\/decoloniser\/metropolisation-et-domination-masculine-maelle-giard\/\" target=\"_blank\" rel=\"noreferrer noopener\">M\u00e9tropolisation et domination masculine \/\/ Ma\u00eblle Giard<\/a><\/strong><\/p>\n\n\n\n<p><strong><a href=\"http:\/\/www.architecture-mutations.fr\/index.php\/decoloniser\/ce-que-le-pain-dit-du-pays-chloe-gautrais-maud-corcoral-rose-hewins\/\" target=\"_blank\" rel=\"noreferrer noopener\">Ce que le pain dit du pays&nbsp;\/\/ Chlo\u00e9 Gautrais, Maud Corcoral, Rose Hewins<\/a><\/strong><\/p>\n","protected":false},"excerpt":{"rendered":"<p>Le cours \u00ab&nbsp;D\u00e9coloniser nos vies et nos imaginaires&nbsp;\u00bb, ouvert en master 1 \u00e0 l\u2019ENSA de Nancy en 2020-2021 et 2021-2022, cherche \u00e0 ouvrir un espace de rencontres avec des acteurs et des penseurs des mondes contemporains. Consid\u00e9rant que les architectes sont : 1. des intellectuel\u00b7les des \u00e9tablissements humains, 2. des citoyen\u00b7nes pris dans un monde &hellip;<\/p>\n<p class=\"read-more\"> <a class=\"\" href=\"http:\/\/www.architecture-mutations.fr\/index.php\/decoloniser\/\"> <span class=\"screen-reader-text\">D\u00e9coloniser<\/span> Read More &raquo;<\/a><\/p>\n","protected":false},"author":1,"featured_media":0,"parent":0,"menu_order":0,"comment_status":"closed","ping_status":"closed","template":"","meta":{"site-sidebar-layout":"default","site-content-layout":"default","ast-global-header-display":"","ast-main-header-display":"","ast-hfb-above-header-display":"","ast-hfb-below-header-display":"","ast-hfb-mobile-header-display":"","site-post-title":"","ast-breadcrumbs-content":"","ast-featured-img":"","footer-sml-layout":"","theme-transparent-header-meta":"","adv-header-id-meta":"","stick-header-meta":"","header-above-stick-meta":"","header-main-stick-meta":"","header-below-stick-meta":"","footnotes":""},"class_list":["post-19","page","type-page","status-publish","hentry"],"_links":{"self":[{"href":"http:\/\/www.architecture-mutations.fr\/index.php\/wp-json\/wp\/v2\/pages\/19","targetHints":{"allow":["GET"]}}],"collection":[{"href":"http:\/\/www.architecture-mutations.fr\/index.php\/wp-json\/wp\/v2\/pages"}],"about":[{"href":"http:\/\/www.architecture-mutations.fr\/index.php\/wp-json\/wp\/v2\/types\/page"}],"author":[{"embeddable":true,"href":"http:\/\/www.architecture-mutations.fr\/index.php\/wp-json\/wp\/v2\/users\/1"}],"replies":[{"embeddable":true,"href":"http:\/\/www.architecture-mutations.fr\/index.php\/wp-json\/wp\/v2\/comments?post=19"}],"version-history":[{"count":20,"href":"http:\/\/www.architecture-mutations.fr\/index.php\/wp-json\/wp\/v2\/pages\/19\/revisions"}],"predecessor-version":[{"id":166,"href":"http:\/\/www.architecture-mutations.fr\/index.php\/wp-json\/wp\/v2\/pages\/19\/revisions\/166"}],"wp:attachment":[{"href":"http:\/\/www.architecture-mutations.fr\/index.php\/wp-json\/wp\/v2\/media?parent=19"}],"curies":[{"name":"wp","href":"https:\/\/api.w.org\/{rel}","templated":true}]}}