{"id":167,"date":"2022-08-23T11:19:58","date_gmt":"2022-08-23T09:19:58","guid":{"rendered":"http:\/\/www.architecture-mutations.fr\/?page_id=167"},"modified":"2022-08-23T11:19:58","modified_gmt":"2022-08-23T09:19:58","slug":"participants","status":"publish","type":"page","link":"http:\/\/www.architecture-mutations.fr\/index.php\/rencontres-interdisciplinaires\/rim-2-humains-non-humains\/participants\/","title":{"rendered":"Participants"},"content":{"rendered":"\n<p><strong>Pierre Janin<\/strong> est architecte DPLG, Master 2 Recherche et Philosophie, et est Architecte Conseil de l\u2019Etat depuis 2016, dans le d\u00e9partement de la Ni\u00e8vre. Il a fond\u00e9 en 2007 avec son fr\u00e8re R\u00e9mi, paysagiste, l\u2019agence Fabriques, Architectures Paysages, qui est implant\u00e9e \u00e0 Vernand, sur la ferme familiale et \u00e0 Lyon, au c\u0153ur du quartier de la Croix Rousse. L\u2019agence Fabriques r\u00e9alise des projets et \u00e9tudes paysag\u00e8res li\u00e9es aux dynamiques et mutations des paysages agricoles, construit des b\u00e2timents agricoles et d\u2019\u00e9levage essentiellement publics, des \u00e9quipements publics en milieu rural, en employant des ressources locales comme le bois et en posant la question des savoir-faire et fili\u00e8res constructives de proximit\u00e9. Dans ses \u00e9tudes et projets, l\u2019agence Fabriques interroge l\u2019\u00e9volution et les possibles hybridations des pratiques urbaines et agricoles, ceci aussi bien au sein des territoires urbains que ruraux. L\u2019agence Fabriques, Architectures Paysages est AJAP 2009-2010, Palmar\u00e8s Jeunes Urbanistes 2014, Mention sp\u00e9ciale du Grand Prix du Paysage 2016.<\/p>\n\n\n\n<p><strong>Thomas Le Roux<\/strong> est chercheur en histoire au CNRS. Il travaille au Centre de Recherches Historiques (EHESS\/CNRS), qu\u2019il dirige depuis janvier 2018. Ses th\u00e8mes de recherches sont l\u2019histoire des pollutions et des risques industriels, de la sant\u00e9 au travail et des mines aux XVIIIe et XIXe si\u00e8cles. Il participe \u00e9galement \u00e0 la cr\u00e9ation d\u2019un parcours interdisciplinaire \u00ab\u00a0Etudes environnementales\u00a0\u00bb au sein du nouveau Master \u00ab\u00a0 Sciences en soci\u00e9t\u00e9s\u00a0\u00bb qui s\u2019ouvre \u00e0 la rentr\u00e9e 2019 (EHESS). Il a notamment publi\u00e9\u00a0<em>Le Laboratoire des pollutions industrielles, Paris, 1770-1830<\/em>\u00a0(Albin Michel, 2011) et avec Fran\u00e7ois Jarrige\u00a0<em>La Contamination du monde, Une histoire des pollutions \u00e0 l&#8217;\u00e2ge industriel<\/em>(Seuil, 2017).<\/p>\n\n\n\n<p><strong>Philippe Grandcolas<\/strong> est \u00e9cologue et syst\u00e9maticien de formation. Il a travaill\u00e9 dans un laboratoire d&#8217;\u00e9thologie et de biologie de l&#8217;\u00e9volution de l&#8217;universit\u00e9 de Rennes I associ\u00e9 au CNRS. Il a rejoint ensuite le laboratoire de Syst\u00e9matique et Evolution du Mus\u00e9um. Ses recherches concernent l&#8217;\u00e9volution des faunes et du comportement des Insectes, pour lesquelles il a travaill\u00e9 sur le terrain dans de nombreux pays tropicaux. Il est aujourd&#8217;hui Directeur de recherche au CNRS et Directeur de l&#8217;Institut de Syst\u00e9matique, Evolution, Biodiversit\u00e9, une unit\u00e9 mixte de recherche du Mus\u00e9um national d&#8217;Histoire naturelle, du CNRS, de Sorbonne Universit\u00e9, de l&#8217;Ecole Pratique des Hautes Etudes et de l\u2019Universit\u00e9 des Antilles, regroupant deux cents syst\u00e9maticiens et biologistes de l&#8217;\u00e9volution. Entre autres fonctions internationales, il a \u00e9t\u00e9 \u00e9lu vice-chair du Science Comittee du GBIF et Point Focal National GTI France pour la Convention sur la Diversit\u00e9 Biologique.<\/p>\n\n\n\n<p><strong>Catherine Deschamps<\/strong> est une \u00ab\u00a0socio-anthropologue\u00a0\u00bb contemporaine. Docteure en anthropologie sociale, elle est aussi titulaire d\u2019un DEA de Sciences Sociales et d\u2019une ma\u00eetrise d\u2019Histoire moderne, portant sur les maladies v\u00e9n\u00e9riennes au XIXe si\u00e8cle. Elle rejoint le Laboratoire d&#8217;Anthropologie Sociale de l&#8217;EHESS pour y pr\u00e9parer une th\u00e8se sur la bisexualit\u00e9, soutenue en d\u00e9cembre 1999. Chercheuse associ\u00e9e, \u00e0 partir de 1999, au Laboratoire d\u2019Anthropologie Sociale (EHESS, CNRS, Coll\u00e8ge de France \u2013 Paris), Catherine Deschamps a assur\u00e9 le secr\u00e9tariat du groupe de recherche \u00ab\u00a0alt\u00e9rit\u00e9, sexualit\u00e9, sant\u00e9\u00a0\u00bb de 2000 \u00e0 2003. A partir de 2004, elle est \u00e9galement charg\u00e9e d\u2019enseignement en sociologie urbaine \u00e0 l\u2019\u00c9cole Nationale Sup\u00e9rieure d\u2019Architecture de Paris-Val-de-Seine et chercheuse associ\u00e9e au Sophiapol\/Lasco de l&#8217;Universit\u00e9 Paris Ouest-Nanterre-La D\u00e9fense. Entre 2006 et 2008, elle rejoint le projet d\u2019impulsion scientifique \u00ab\u00a0Normes, genre et sexualit\u00e9s\u00a0\u00bb de l\u2019Universit\u00e9 Libre de Bruxelles. Depuis 2008, ses terrains portent sur l&#8217;espace urbain et l&#8217;expression du d\u00e9sir de la part de femmes h\u00e9t\u00e9rosexuelles. Membre du laboratoire EVCAU, elle travaille sur les projets de recherche \u00ab\u00a0La reconversion de l\u2019architecture th\u00e9rapeutique du XXe si\u00e8cle\u00a0: une cl\u00e9 pour la ville durable du XXIe si\u00e8cle\u00a0\u00bb et les \u00ab\u00a0Parcours des exil\u00e9s en France\u00a0\u00bb. Ses recherches portent \u00e9galement sur le genre dans les espaces publics parisiens dans leurs diff\u00e9rentes temporalit\u00e9s et elle construit par ailleurs un questionnement de nature \u00e9pist\u00e9mologique pour une socio-histoire de l\u2019enseignement des SHS en ENSA. Elle enseigne depuis 2019 \u00e0 l\u2019ENSArchitecture Nancy et a rejoint le LHAC.<\/p>\n\n\n\n<p><strong>Mathias Rollot<\/strong> est enseignant \u00e0 l\u2019ENSArchitecture Nancy, chercheur au LHAC et architecte praticien \u00e0 Paris. Il travaille depuis 2012 en ind\u00e9pendant dans la conception, la ma\u00eetrise d\u2019\u0153uvre, l\u2019assistance \u00e0 ma\u00eetrise d\u2019ouvrage et le conseil, ou encore l\u2019expertise (EUROPAN EUROPE, Tribunal Administratif de Paris\u2026). En tant que docteur en architecture (Paris 8\/Gerphau\/Ensaplv), chercheur, auteur et traducteur, il a publi\u00e9 une trentaine d\u2019articles et plus d\u2019une dizaine d\u2019ouvrages de recherche. Ses travaux appartiennent au champ des humanit\u00e9s environnementales par le prisme de l\u2019architecture et de l\u2019\u00e9cologie sociale, et constituent plus sp\u00e9cifiquement une enqu\u00eate sur les conditions de possibilit\u00e9 de l\u2019architecture \u00e0 l\u2019\u00e8re anthropoc\u00e8ne. Apr\u00e8s une vaste travers\u00e9e du courant bior\u00e9gionaliste am\u00e9ricain, il travaille aujourd\u2019hui sur les synergies possibles entre philosophies animalistes et th\u00e9ories architecturales et urbaines.<\/p>\n","protected":false},"excerpt":{"rendered":"<p>Pierre Janin est architecte DPLG, Master 2 Recherche et Philosophie, et est Architecte Conseil de l\u2019Etat depuis 2016, dans le d\u00e9partement de la Ni\u00e8vre. Il a fond\u00e9 en 2007 avec son fr\u00e8re R\u00e9mi, paysagiste, l\u2019agence Fabriques, Architectures Paysages, qui est implant\u00e9e \u00e0 Vernand, sur la ferme familiale et \u00e0 Lyon, au c\u0153ur du quartier de &hellip;<\/p>\n<p class=\"read-more\"> <a class=\"\" href=\"http:\/\/www.architecture-mutations.fr\/index.php\/rencontres-interdisciplinaires\/rim-2-humains-non-humains\/participants\/\"> <span class=\"screen-reader-text\">Participants<\/span> Read More &raquo;<\/a><\/p>\n","protected":false},"author":1,"featured_media":0,"parent":37,"menu_order":0,"comment_status":"closed","ping_status":"closed","template":"","meta":{"site-sidebar-layout":"default","site-content-layout":"default","ast-global-header-display":"","ast-main-header-display":"","ast-hfb-above-header-display":"","ast-hfb-below-header-display":"","ast-hfb-mobile-header-display":"","site-post-title":"","ast-breadcrumbs-content":"","ast-featured-img":"","footer-sml-layout":"","theme-transparent-header-meta":"","adv-header-id-meta":"","stick-header-meta":"","header-above-stick-meta":"","header-main-stick-meta":"","header-below-stick-meta":"","footnotes":""},"class_list":["post-167","page","type-page","status-publish","hentry"],"_links":{"self":[{"href":"http:\/\/www.architecture-mutations.fr\/index.php\/wp-json\/wp\/v2\/pages\/167","targetHints":{"allow":["GET"]}}],"collection":[{"href":"http:\/\/www.architecture-mutations.fr\/index.php\/wp-json\/wp\/v2\/pages"}],"about":[{"href":"http:\/\/www.architecture-mutations.fr\/index.php\/wp-json\/wp\/v2\/types\/page"}],"author":[{"embeddable":true,"href":"http:\/\/www.architecture-mutations.fr\/index.php\/wp-json\/wp\/v2\/users\/1"}],"replies":[{"embeddable":true,"href":"http:\/\/www.architecture-mutations.fr\/index.php\/wp-json\/wp\/v2\/comments?post=167"}],"version-history":[{"count":1,"href":"http:\/\/www.architecture-mutations.fr\/index.php\/wp-json\/wp\/v2\/pages\/167\/revisions"}],"predecessor-version":[{"id":168,"href":"http:\/\/www.architecture-mutations.fr\/index.php\/wp-json\/wp\/v2\/pages\/167\/revisions\/168"}],"up":[{"embeddable":true,"href":"http:\/\/www.architecture-mutations.fr\/index.php\/wp-json\/wp\/v2\/pages\/37"}],"wp:attachment":[{"href":"http:\/\/www.architecture-mutations.fr\/index.php\/wp-json\/wp\/v2\/media?parent=167"}],"curies":[{"name":"wp","href":"https:\/\/api.w.org\/{rel}","templated":true}]}}